{"id":486,"date":"2025-07-19T11:46:42","date_gmt":"2025-07-19T15:46:42","guid":{"rendered":"https:\/\/xrent-auto.com\/?page_id=486"},"modified":"2026-04-16T13:59:07","modified_gmt":"2026-04-16T17:59:07","slug":"bienvenue-chez-xrent-auto-2","status":"publish","type":"page","link":"https:\/\/xrent-auto.com\/fr\/","title":{"rendered":"Bienvenue chez XRENT-AUTO"},"content":{"rendered":"\n<figure class=\"wp-block-image size-large\"><img fetchpriority=\"high\" decoding=\"async\" width=\"1024\" height=\"453\" src=\"https:\/\/xrent-auto.com\/wp-content\/uploads\/2025\/07\/1000171698-1-1024x453.jpg\" alt=\"\" class=\"wp-image-549\" srcset=\"https:\/\/xrent-auto.com\/wp-content\/uploads\/2025\/07\/1000171698-1-1024x453.jpg 1024w, https:\/\/xrent-auto.com\/wp-content\/uploads\/2025\/07\/1000171698-1-300x133.jpg 300w, https:\/\/xrent-auto.com\/wp-content\/uploads\/2025\/07\/1000171698-1-768x340.jpg 768w, https:\/\/xrent-auto.com\/wp-content\/uploads\/2025\/07\/1000171698-1-1536x680.jpg 1536w, https:\/\/xrent-auto.com\/wp-content\/uploads\/2025\/07\/1000171698-1-2048x906.jpg 2048w, https:\/\/xrent-auto.com\/wp-content\/uploads\/2025\/07\/1000171698-1-18x8.jpg 18w\" sizes=\"(max-width: 1024px) 100vw, 1024px\" \/><\/figure>\n\n\n\n<h2 class=\"wp-block-heading\">\ud83d\ude97 Votre solution de location de voitures en Martinique<\/h2>\n\n\n\n<p class=\"has-text-align-left\"><p>Bienvenue chez XRENT-AUTO, votre sp\u00e9cialiste de la location de v\u00e9hicules r\u00e9cents et hybrides en Martinique.<\/p><\/p>\n\n\n\n<p class=\"has-text-align-left\"><p>Nous proposons des voitures modernes, fiables et soigneusement entretenues pour vous garantir confort, s\u00e9curit\u00e9 et s\u00e9r\u00e9nit\u00e9 pendant votre s\u00e9jour.<\/p><\/p>\n\n\n\n<p class=\"has-text-align-left\"><p><br>\u2714 V\u00e9hicules r\u00e9cents &amp; hybrides<br>\u2714 Bo\u00eete automatique disponible<br>\u2714 Service rapide et personnalis\u00e9<br>\u2714 R\u00e9servation simple en ligne (25 ans minimum et 3 ans de permis)<\/p><\/p>\n\n\n\n<p>Toutes r\u00e9servations r\u00e9alis\u00e9es hors de ces conditions ne seront pas rembours\u00e9s. (Voir conditions g\u00e9n\u00e9rales).<\/p>\n\n\n\n<hr class=\"wp-block-separator has-alpha-channel-opacity\"\/>\n\n\n\n<p><\/p>\n\n\n\n<h2 class=\"wp-block-heading\">\ud83c\udf81 Avantage exclusif r\u00e9servation directe<\/h2>\n\n\n\n<p class=\"has-text-align-left\"><p><br>\u2714 Option Swikly offerte<br>\u2714 Caution simplifi\u00e9e sans impact sur votre plafond bancaire<br>\u2714 Proc\u00e9dure rapide et 100 % s\u00e9curis\u00e9e<\/p><\/p>\n\n\n\n<p class=\"has-text-align-left\"><p><br>Profitez d\u2019un processus plus fluide et d\u2019une exp\u00e9rience encore plus confortable.<\/p><\/p>\n\n\n\n<hr class=\"wp-block-separator has-alpha-channel-opacity\"\/>\n\n\n\n<p><\/p>\n\n\n\n<h2 class=\"wp-block-heading\">\ud83d\udd11 R\u00e9servez en ligne facilement et partez l\u2019esprit tranquille !<\/h2>\n\n\n\n<p>&nbsp;<\/p>\n\n\n\n<p class=\"has-text-align-left\"><p>\ud83d\ude98 Mise \u00e0 disposition personnalis\u00e9e &amp; livraison : 60 \u20ac TTC<\/p><\/p>\n\n\n\n<p class=\"has-text-align-left\"><p>Votre v\u00e9hicule peut \u00eatre livr\u00e9 directement \u00e0 :<\/p><\/p>\n\n\n\n<p class=\"has-text-align-left\"><p>\u2022 A\u00e9roport Aim\u00e9 C\u00e9saire<\/p><\/p>\n\n\n\n<p class=\"has-text-align-left\"><p>\u2022 Fort-de-France<\/p><\/p>\n\n\n\n<p class=\"has-text-align-left\"><p>\u2022 La Galleria<\/p><\/p>\n\n\n\n<p class=\"has-text-align-left\"><p>\u2022 Pointe du Bout<\/p><\/p>\n\n\n\n<p class=\"has-text-align-left\"><p>\u2022 H\u00f4tels &amp; r\u00e9sidences<\/p><\/p>\n\n\n\n<p class=\"has-text-align-left\"><p>Un service rapide, sans attente, pour d\u00e9marrer votre s\u00e9jour en toute s\u00e9r\u00e9nit\u00e9.<\/p><\/p>\n\n\n\n<hr class=\"wp-block-separator has-alpha-channel-opacity\"\/>\n\n\n\n<p><\/p>\n\n\n\n<h2 class=\"wp-block-heading\">&nbsp;\u2b50 Avis clients XRENT-AUTO<\/h2>\n\n\n\n<p><strong>Plus de 20 clients satisfaits en Martinique<\/strong><\/p>\n\n\n\n<p>\u2b50<strong>5 \/ 5 sur Google (11 avis)<\/strong><\/p>\n\n\n\n<p><strong>\u2b50 4,6 \/ 5 sur Rentiles (11 avis)<\/strong><\/p>\n\n\n<p>Khaled Azzoug<\/p>\n<p>5 avis sur Google\u00a0<\/p>\n<p>\u2b50\u2b50\u2b50\u2b50\u2b50<\/p>\n<p>Service impeccable du d\u00e9but \u00e0 la fin.<\/p>\n<p>Fr\u00e9d\u00e9ric Menuet<\/p>\n<p>Local Guide \u2022 19 avis sur Google\u00a0<\/p>\n<p>\u2b50\u2b50\u2b50\u2b50\u2b50<\/p>\n<p>Tr\u00e8s satisfait, disponible et s\u00e9rieux.<\/p>\n<p>Richard Daniel<\/p>\n<p>11 avis sur Google\u00a0<\/p>\n<p>\u2b50\u2b50\u2b50\u2b50\u2b50<\/p>\n<p>Loueur fiable, voiture propre et tarif correct.<\/p>\n<p><strong>Merci pour votre confiance \ud83d\ude4f<\/strong><\/p>\n<p><strong>Votre avis compte \u00e9norm\u00e9ment pour nous.<\/strong><\/p>\n\n\n<div class=\"wp-block-buttons is-content-justification-center is-layout-flex wp-container-core-buttons-is-layout-16018d1d wp-block-buttons-is-layout-flex\">\n<div class=\"wp-block-button\"><a class=\"wp-block-button__link has-text-align-center wp-element-button\" href=\"https:\/\/www.google.com\/search?q=xrent-auto&amp;client=ms-android-xiaomi&amp;hs=HM3U&amp;sca_esv=00e10f0057297768&amp;cs=0&amp;hl=fr-FR&amp;biw=980&amp;bih=1842&amp;sxsrf=ANbL-n5dKKCh-tvWNGddX5gOWJHFgCBWpg%3A1776356663907&amp;ei=Nw3hadKWN42Dp84Pu6_zkAQ&amp;ved=0ahUKEwiSjsmf5PKTAxWNwckDHbvXHEIQ4dUDCBE&amp;uact=5&amp;oq=xrent-auto&amp;gs_lp=Egxnd3Mtd2l6LXNlcnAiCnhyZW50LWF1dG8yBRAAGIAEMgcQABiABBgKMgYQABgeGAoyBhAAGB4YCjIGEAAYHhgKMgUQABjvBTIFEAAY7wUyCBAAGIAEGKIEMggQABiABBiiBDIIEAAYgAQYogRIuBZQ4glYwRBwAXgAkAEAmAFtoAGMBKoBAzEuNLgBA8gBAPgBAZgCBqAC8ATCAgoQABiABBiwAxgKwgILEAAYgAQYogQYsAPCAgsQABiJBRiiBBiwA8ICCBAAGO8FGLADwgIIEAAYiQUYogTCAgYQABgWGB7CAggQABgWGB4YCpgDAIgGAZAGBpIHAzEuNaAH4RuyBwMwLjW4B9kEwgcFMi0xLjXIB0aACAE&amp;sclient=gws-wiz-serp#sv=CAwS1QEKBmxjbF9wdhIzCgNwdnESLENnMHZaeTh4TVcxeWJHMXdNbkpzSWhBS0NuaHlaVzUwTFdGMWRHOFFBaGdEEl0KA2xxaRJWQ2dwNGNtVnVkQzFoZFhSdlNQS1Y2cW5lczRDQUNGb1VFQUFRQVJnQUdBRWlDbmh5Wlc1MElHRjFkRy1TQVJGallYSmZjbVZ1ZEdGc1gyRm5aVzVqZVESEgoDdGJzEgtscmY6ITNzSUFFPRIPCgFxEgp4cmVudC1hdXRvGhJsb2NhbC1wbGFjZS12aWV3ZXIYCiDitOryCDoA\">Donner mon avis<\/a><\/div>\n<\/div>\n\n\n\n<p><\/p>\n","protected":false},"excerpt":{"rendered":"<p>\ud83d\ude97 Votre solution de location de voitures en Martinique Bienvenue chez XRENT-AUTO, votre sp\u00e9cialiste de la location de v\u00e9hicules r\u00e9cents et hybrides en Martinique. Nous proposons des voitures modernes, fiables et soigneusement entretenues pour vous garantir confort, s\u00e9curit\u00e9 et s\u00e9r\u00e9nit\u00e9 pendant votre s\u00e9jour. \u2714 V\u00e9hicules r\u00e9cents &amp; hybrides\u2714 Bo\u00eete automatique disponible\u2714 Service rapide et personnalis\u00e9\u2714 [&hellip;]<\/p>\n","protected":false},"author":1,"featured_media":0,"parent":0,"menu_order":0,"comment_status":"closed","ping_status":"closed","template":"","meta":{"footnotes":""},"class_list":["post-486","page","type-page","status-publish","hentry"],"yoast_head":"<!-- This site is optimized with the Yoast SEO plugin v27.1.1 - https:\/\/yoast.com\/product\/yoast-seo-wordpress\/ -->\n<title>Bienvenue chez XRENT-AUTO - XRENT-AUTO<\/title>\n<meta name=\"robots\" content=\"index, follow, max-snippet:-1, max-image-preview:large, max-video-preview:-1\" \/>\n<link rel=\"canonical\" href=\"https:\/\/xrent-auto.com\/fr\/\" \/>\n<meta property=\"og:locale\" content=\"fr_FR\" \/>\n<meta property=\"og:type\" content=\"article\" \/>\n<meta property=\"og:title\" content=\"Bienvenue chez XRENT-AUTO - XRENT-AUTO\" \/>\n<meta property=\"og:description\" content=\"\ud83d\ude97 Votre solution de location de voitures en Martinique Bienvenue chez XRENT-AUTO, votre sp\u00e9cialiste de la location de v\u00e9hicules r\u00e9cents et hybrides en Martinique. Nous proposons des voitures modernes, fiables et soigneusement entretenues pour vous garantir confort, s\u00e9curit\u00e9 et s\u00e9r\u00e9nit\u00e9 pendant votre s\u00e9jour. \u2714 V\u00e9hicules r\u00e9cents &amp; hybrides\u2714 Bo\u00eete automatique disponible\u2714 Service rapide et personnalis\u00e9\u2714 [&hellip;]\" \/>\n<meta property=\"og:url\" content=\"https:\/\/xrent-auto.com\/fr\/\" \/>\n<meta property=\"og:site_name\" content=\"XRENT-AUTO\" \/>\n<meta property=\"article:publisher\" content=\"https:\/\/www.facebook.com\/profile.php?id=61576661115000\" \/>\n<meta property=\"article:modified_time\" content=\"2026-04-16T17:59:07+00:00\" \/>\n<meta property=\"og:image\" content=\"https:\/\/xrent-auto.com\/wp-content\/uploads\/2025\/07\/1000171698-1.jpg\" \/>\n\t<meta property=\"og:image:width\" content=\"2560\" \/>\n\t<meta property=\"og:image:height\" content=\"1133\" \/>\n\t<meta property=\"og:image:type\" content=\"image\/jpeg\" \/>\n<meta name=\"twitter:card\" content=\"summary_large_image\" \/>\n<meta name=\"twitter:label1\" content=\"Dur\u00e9e de lecture estim\u00e9e\" \/>\n\t<meta name=\"twitter:data1\" content=\"2 minutes\" \/>\n<script type=\"application\/ld+json\" class=\"yoast-schema-graph\">{\"@context\":\"https:\/\/schema.org\",\"@graph\":[{\"@type\":\"WebPage\",\"@id\":\"https:\/\/xrent-auto.com\/\",\"url\":\"https:\/\/xrent-auto.com\/\",\"name\":\"Bienvenue chez XRENT-AUTO - XRENT-AUTO\",\"isPartOf\":{\"@id\":\"https:\/\/xrent-auto.com\/#website\"},\"primaryImageOfPage\":{\"@id\":\"https:\/\/xrent-auto.com\/#primaryimage\"},\"image\":{\"@id\":\"https:\/\/xrent-auto.com\/#primaryimage\"},\"thumbnailUrl\":\"https:\/\/xrent-auto.com\/wp-content\/uploads\/2025\/07\/1000171698-1-1024x453.jpg\",\"datePublished\":\"2025-07-19T15:46:42+00:00\",\"dateModified\":\"2026-04-16T17:59:07+00:00\",\"breadcrumb\":{\"@id\":\"https:\/\/xrent-auto.com\/#breadcrumb\"},\"inLanguage\":\"fr-FR\",\"potentialAction\":[{\"@type\":\"ReadAction\",\"target\":[\"https:\/\/xrent-auto.com\/\"]}]},{\"@type\":\"ImageObject\",\"inLanguage\":\"fr-FR\",\"@id\":\"https:\/\/xrent-auto.com\/#primaryimage\",\"url\":\"https:\/\/xrent-auto.com\/wp-content\/uploads\/2025\/07\/1000171698-1-1024x453.jpg\",\"contentUrl\":\"https:\/\/xrent-auto.com\/wp-content\/uploads\/2025\/07\/1000171698-1-1024x453.jpg\"},{\"@type\":\"BreadcrumbList\",\"@id\":\"https:\/\/xrent-auto.com\/#breadcrumb\",\"itemListElement\":[{\"@type\":\"ListItem\",\"position\":1,\"name\":\"Accueil\",\"item\":\"https:\/\/xrent-auto.com\/\"},{\"@type\":\"ListItem\",\"position\":2,\"name\":\"Bienvenue chez XRENT-AUTO\"}]},{\"@type\":\"WebSite\",\"@id\":\"https:\/\/xrent-auto.com\/#website\",\"url\":\"https:\/\/xrent-auto.com\/\",\"name\":\"XRENT AUTO\",\"description\":\"Le choix, la qualit\u00e9, la tranquillit\u00e9           MENU\",\"publisher\":{\"@id\":\"https:\/\/xrent-auto.com\/#organization\"},\"potentialAction\":[{\"@type\":\"SearchAction\",\"target\":{\"@type\":\"EntryPoint\",\"urlTemplate\":\"https:\/\/xrent-auto.com\/?s={search_term_string}\"},\"query-input\":{\"@type\":\"PropertyValueSpecification\",\"valueRequired\":true,\"valueName\":\"search_term_string\"}}],\"inLanguage\":\"fr-FR\"},{\"@type\":\"Organization\",\"@id\":\"https:\/\/xrent-auto.com\/#organization\",\"name\":\"XRENT AUTO\",\"url\":\"https:\/\/xrent-auto.com\/\",\"logo\":{\"@type\":\"ImageObject\",\"inLanguage\":\"fr-FR\",\"@id\":\"https:\/\/xrent-auto.com\/#\/schema\/logo\/image\/\",\"url\":\"https:\/\/xrent-auto.com\/wp-content\/uploads\/2025\/08\/file_0000000028dc624397672c17b550dd85.png\",\"contentUrl\":\"https:\/\/xrent-auto.com\/wp-content\/uploads\/2025\/08\/file_0000000028dc624397672c17b550dd85.png\",\"width\":1536,\"height\":1024,\"caption\":\"XRENT AUTO\"},\"image\":{\"@id\":\"https:\/\/xrent-auto.com\/#\/schema\/logo\/image\/\"},\"sameAs\":[\"https:\/\/www.facebook.com\/profile.php?id=61576661115000\"]}]}<\/script>\n<!-- \/ Yoast SEO plugin. -->","yoast_head_json":{"title":"Bienvenue chez XRENT-AUTO - XRENT-AUTO","robots":{"index":"index","follow":"follow","max-snippet":"max-snippet:-1","max-image-preview":"max-image-preview:large","max-video-preview":"max-video-preview:-1"},"canonical":"https:\/\/xrent-auto.com\/fr\/","og_locale":"fr_FR","og_type":"article","og_title":"Bienvenue chez XRENT-AUTO - XRENT-AUTO","og_description":"\ud83d\ude97 Votre solution de location de voitures en Martinique Bienvenue chez XRENT-AUTO, votre sp\u00e9cialiste de la location de v\u00e9hicules r\u00e9cents et hybrides en Martinique. Nous proposons des voitures modernes, fiables et soigneusement entretenues pour vous garantir confort, s\u00e9curit\u00e9 et s\u00e9r\u00e9nit\u00e9 pendant votre s\u00e9jour. \u2714 V\u00e9hicules r\u00e9cents &amp; hybrides\u2714 Bo\u00eete automatique disponible\u2714 Service rapide et personnalis\u00e9\u2714 [&hellip;]","og_url":"https:\/\/xrent-auto.com\/fr\/","og_site_name":"XRENT-AUTO","article_publisher":"https:\/\/www.facebook.com\/profile.php?id=61576661115000","article_modified_time":"2026-04-16T17:59:07+00:00","og_image":[{"width":2560,"height":1133,"url":"https:\/\/xrent-auto.com\/wp-content\/uploads\/2025\/07\/1000171698-1.jpg","type":"image\/jpeg"}],"twitter_card":"summary_large_image","twitter_misc":{"Dur\u00e9e de lecture estim\u00e9e":"2 minutes"},"schema":{"@context":"https:\/\/schema.org","@graph":[{"@type":"WebPage","@id":"https:\/\/xrent-auto.com\/","url":"https:\/\/xrent-auto.com\/","name":"Bienvenue chez XRENT-AUTO - XRENT-AUTO","isPartOf":{"@id":"https:\/\/xrent-auto.com\/#website"},"primaryImageOfPage":{"@id":"https:\/\/xrent-auto.com\/#primaryimage"},"image":{"@id":"https:\/\/xrent-auto.com\/#primaryimage"},"thumbnailUrl":"https:\/\/xrent-auto.com\/wp-content\/uploads\/2025\/07\/1000171698-1-1024x453.jpg","datePublished":"2025-07-19T15:46:42+00:00","dateModified":"2026-04-16T17:59:07+00:00","breadcrumb":{"@id":"https:\/\/xrent-auto.com\/#breadcrumb"},"inLanguage":"fr-FR","potentialAction":[{"@type":"ReadAction","target":["https:\/\/xrent-auto.com\/"]}]},{"@type":"ImageObject","inLanguage":"fr-FR","@id":"https:\/\/xrent-auto.com\/#primaryimage","url":"https:\/\/xrent-auto.com\/wp-content\/uploads\/2025\/07\/1000171698-1-1024x453.jpg","contentUrl":"https:\/\/xrent-auto.com\/wp-content\/uploads\/2025\/07\/1000171698-1-1024x453.jpg"},{"@type":"BreadcrumbList","@id":"https:\/\/xrent-auto.com\/#breadcrumb","itemListElement":[{"@type":"ListItem","position":1,"name":"Accueil","item":"https:\/\/xrent-auto.com\/"},{"@type":"ListItem","position":2,"name":"Bienvenue chez XRENT-AUTO"}]},{"@type":"WebSite","@id":"https:\/\/xrent-auto.com\/#website","url":"https:\/\/xrent-auto.com\/","name":"XRENT AUTO","description":"Le choix, la qualit\u00e9, la tranquillit\u00e9           MENU","publisher":{"@id":"https:\/\/xrent-auto.com\/#organization"},"potentialAction":[{"@type":"SearchAction","target":{"@type":"EntryPoint","urlTemplate":"https:\/\/xrent-auto.com\/?s={search_term_string}"},"query-input":{"@type":"PropertyValueSpecification","valueRequired":true,"valueName":"search_term_string"}}],"inLanguage":"fr-FR"},{"@type":"Organization","@id":"https:\/\/xrent-auto.com\/#organization","name":"XRENT AUTO","url":"https:\/\/xrent-auto.com\/","logo":{"@type":"ImageObject","inLanguage":"fr-FR","@id":"https:\/\/xrent-auto.com\/#\/schema\/logo\/image\/","url":"https:\/\/xrent-auto.com\/wp-content\/uploads\/2025\/08\/file_0000000028dc624397672c17b550dd85.png","contentUrl":"https:\/\/xrent-auto.com\/wp-content\/uploads\/2025\/08\/file_0000000028dc624397672c17b550dd85.png","width":1536,"height":1024,"caption":"XRENT AUTO"},"image":{"@id":"https:\/\/xrent-auto.com\/#\/schema\/logo\/image\/"},"sameAs":["https:\/\/www.facebook.com\/profile.php?id=61576661115000"]}]}},"_links":{"self":[{"href":"https:\/\/xrent-auto.com\/fr\/wp-json\/wp\/v2\/pages\/486","targetHints":{"allow":["GET"]}}],"collection":[{"href":"https:\/\/xrent-auto.com\/fr\/wp-json\/wp\/v2\/pages"}],"about":[{"href":"https:\/\/xrent-auto.com\/fr\/wp-json\/wp\/v2\/types\/page"}],"author":[{"embeddable":true,"href":"https:\/\/xrent-auto.com\/fr\/wp-json\/wp\/v2\/users\/1"}],"replies":[{"embeddable":true,"href":"https:\/\/xrent-auto.com\/fr\/wp-json\/wp\/v2\/comments?post=486"}],"version-history":[{"count":81,"href":"https:\/\/xrent-auto.com\/fr\/wp-json\/wp\/v2\/pages\/486\/revisions"}],"predecessor-version":[{"id":861,"href":"https:\/\/xrent-auto.com\/fr\/wp-json\/wp\/v2\/pages\/486\/revisions\/861"}],"wp:attachment":[{"href":"https:\/\/xrent-auto.com\/fr\/wp-json\/wp\/v2\/media?parent=486"}],"curies":[{"name":"wp","href":"https:\/\/api.w.org\/{rel}","templated":true}]}}