{"id":394,"date":"2025-07-16T19:20:55","date_gmt":"2025-07-16T23:20:55","guid":{"rendered":"https:\/\/xrent-auto.com\/?page_id=394"},"modified":"2025-07-18T13:00:24","modified_gmt":"2025-07-18T17:00:24","slug":"mentions-legales","status":"publish","type":"page","link":"https:\/\/xrent-auto.com\/fr\/mentions-legales\/","title":{"rendered":"Mentions L\u00e9gales"},"content":{"rendered":"\n<hr class=\"wp-block-separator has-alpha-channel-opacity\"\/>\n\n\n\n<p><strong>\u00c9diteur du site<\/strong><\/p>\n\n\n\n<p>Le pr\u00e9sent site internet, accessible \u00e0 l\u2019adresse www.xrent-auto.com, est \u00e9dit\u00e9 par la soci\u00e9t\u00e9 <strong>XRENT<\/strong>,<br>Soci\u00e9t\u00e9 par actions simplifi\u00e9e unipersonnelle (SASU) au capital social de 1 000 euros,<br>immatricul\u00e9e au Registre du Commerce et des Soci\u00e9t\u00e9s de Pointe-\u00e0-Pitre sous le num\u00e9ro <strong>945 242 253<\/strong>,<br>ayant son si\u00e8ge social au :<br><strong>85 R\u00e9sidence Les Muscades, Belcourt, 97122 Baie-Mahault, Guadeloupe<\/strong>.<\/p>\n\n\n\n<hr class=\"wp-block-separator has-alpha-channel-opacity\"\/>\n\n\n\n<p><strong>Activit\u00e9<\/strong> : Location de courte dur\u00e9e de voitures et de v\u00e9hicules automobiles l\u00e9gers (Code APE : 7711A)<\/p>\n\n\n\n<hr class=\"wp-block-separator has-alpha-channel-opacity\"\/>\n\n\n\n<p><strong>Responsable de la publication<\/strong><\/p>\n\n\n\n<p>Monsieur <strong>Fr\u00e9d\u00e9ric Ciancio<\/strong>, en sa qualit\u00e9 de Pr\u00e9sident de la SASU XRENT.<\/p>\n\n\n\n<hr class=\"wp-block-separator has-alpha-channel-opacity\"\/>\n\n\n\n<p><strong>Contact<\/strong><\/p>\n\n\n\n<p>Par courrier : XRENT, 85 R\u00e9sidence Les Muscades, Belcourt, 97122 Baie-Mahault, Guadeloupe<\/p>\n\n\n\n<p>Par email : contact@xrent-auto.com<\/p>\n\n\n\n<hr class=\"wp-block-separator has-alpha-channel-opacity\"\/>\n\n\n\n<p><strong>H\u00e9bergement<\/strong><\/p>\n\n\n\n<p>Le site est h\u00e9berg\u00e9 par :<\/p>\n\n\n\n<p><strong>Hostinger International<\/strong> Ltd61 Lordou Vironos Street, 6023 Larnaca, Chypre<\/p>\n\n\n\n<p>Email : compliance@hostinger.com<\/p>\n\n\n\n<p>Site : www.hostinger.com<\/p>\n\n\n\n<hr class=\"wp-block-separator has-alpha-channel-opacity\"\/>\n\n\n\n<p><strong>Protection des donn\u00e9es personnelles<\/strong><\/p>\n\n\n\n<p>Conform\u00e9ment \u00e0 la l\u00e9gislation en vigueur, et notamment au <strong>R\u00e8glement G\u00e9n\u00e9ral sur la Protection des Donn\u00e9es (RGPD)<\/strong>, les informations recueillies via le site sont destin\u00e9es exclusivement \u00e0 la soci\u00e9t\u00e9 <strong>XRENT<\/strong> pour la gestion des r\u00e9servations et relations clients.<\/p>\n\n\n\n<p>La d\u00e9claration et le respect des obligations relatives \u00e0 l\u2019utilisation des donn\u00e9es \u00e0 caract\u00e8re personnel sont assur\u00e9s par le responsable de la publication.<\/p>\n\n\n\n<p>Chaque utilisateur dispose d\u2019un droit d\u2019acc\u00e8s, de rectification et de suppression de ses donn\u00e9es personnelles, qu\u2019il peut exercer en \u00e9crivant \u00e0 l\u2019adresse mail mentionn\u00e9e ci-dessus.<\/p>\n","protected":false},"excerpt":{"rendered":"<p>\u00c9diteur du site Le pr\u00e9sent site internet, accessible \u00e0 l\u2019adresse www.xrent-auto.com, est \u00e9dit\u00e9 par la soci\u00e9t\u00e9 XRENT,Soci\u00e9t\u00e9 par actions simplifi\u00e9e unipersonnelle (SASU) au capital social de 1 000 euros,immatricul\u00e9e au Registre du Commerce et des Soci\u00e9t\u00e9s de Pointe-\u00e0-Pitre sous le num\u00e9ro 945 242 253,ayant son si\u00e8ge social au :85 R\u00e9sidence Les Muscades, Belcourt, 97122 Baie-Mahault, [&hellip;]<\/p>\n","protected":false},"author":1,"featured_media":0,"parent":0,"menu_order":0,"comment_status":"closed","ping_status":"closed","template":"","meta":{"footnotes":""},"class_list":["post-394","page","type-page","status-publish","hentry"],"yoast_head":"<!-- This site is optimized with the Yoast SEO plugin v27.1.1 - https:\/\/yoast.com\/product\/yoast-seo-wordpress\/ -->\n<title>Mentions L\u00e9gales - XRENT-AUTO<\/title>\n<meta name=\"robots\" content=\"index, follow, max-snippet:-1, max-image-preview:large, max-video-preview:-1\" \/>\n<link rel=\"canonical\" href=\"https:\/\/xrent-auto.com\/fr\/mentions-legales\/\" \/>\n<meta property=\"og:locale\" content=\"fr_FR\" \/>\n<meta property=\"og:type\" content=\"article\" \/>\n<meta property=\"og:title\" content=\"Mentions L\u00e9gales - XRENT-AUTO\" \/>\n<meta property=\"og:description\" content=\"\u00c9diteur du site Le pr\u00e9sent site internet, accessible \u00e0 l\u2019adresse www.xrent-auto.com, est \u00e9dit\u00e9 par la soci\u00e9t\u00e9 XRENT,Soci\u00e9t\u00e9 par actions simplifi\u00e9e unipersonnelle (SASU) au capital social de 1 000 euros,immatricul\u00e9e au Registre du Commerce et des Soci\u00e9t\u00e9s de Pointe-\u00e0-Pitre sous le num\u00e9ro 945 242 253,ayant son si\u00e8ge social au :85 R\u00e9sidence Les Muscades, Belcourt, 97122 Baie-Mahault, [&hellip;]\" \/>\n<meta property=\"og:url\" content=\"https:\/\/xrent-auto.com\/fr\/mentions-legales\/\" \/>\n<meta property=\"og:site_name\" content=\"XRENT-AUTO\" \/>\n<meta property=\"article:publisher\" content=\"https:\/\/www.facebook.com\/profile.php?id=61576661115000\" \/>\n<meta property=\"article:modified_time\" content=\"2025-07-18T17:00:24+00:00\" \/>\n<meta property=\"og:image\" content=\"https:\/\/xrent-auto.com\/wp-content\/uploads\/2025\/05\/xrent_auto_logo_larger-scaled.png\" \/>\n\t<meta property=\"og:image:width\" content=\"2560\" \/>\n\t<meta property=\"og:image:height\" content=\"2560\" \/>\n\t<meta property=\"og:image:type\" content=\"image\/png\" \/>\n<meta name=\"twitter:card\" content=\"summary_large_image\" \/>\n<meta name=\"twitter:label1\" content=\"Dur\u00e9e de lecture estim\u00e9e\" \/>\n\t<meta name=\"twitter:data1\" content=\"2 minutes\" \/>\n<script type=\"application\/ld+json\" class=\"yoast-schema-graph\">{\"@context\":\"https:\/\/schema.org\",\"@graph\":[{\"@type\":\"WebPage\",\"@id\":\"https:\/\/xrent-auto.com\/mentions-legales\/\",\"url\":\"https:\/\/xrent-auto.com\/mentions-legales\/\",\"name\":\"Mentions L\u00e9gales - XRENT-AUTO\",\"isPartOf\":{\"@id\":\"https:\/\/xrent-auto.com\/#website\"},\"datePublished\":\"2025-07-16T23:20:55+00:00\",\"dateModified\":\"2025-07-18T17:00:24+00:00\",\"breadcrumb\":{\"@id\":\"https:\/\/xrent-auto.com\/mentions-legales\/#breadcrumb\"},\"inLanguage\":\"fr-FR\",\"potentialAction\":[{\"@type\":\"ReadAction\",\"target\":[\"https:\/\/xrent-auto.com\/mentions-legales\/\"]}]},{\"@type\":\"BreadcrumbList\",\"@id\":\"https:\/\/xrent-auto.com\/mentions-legales\/#breadcrumb\",\"itemListElement\":[{\"@type\":\"ListItem\",\"position\":1,\"name\":\"Accueil\",\"item\":\"https:\/\/xrent-auto.com\/\"},{\"@type\":\"ListItem\",\"position\":2,\"name\":\"Mentions L\u00e9gales\"}]},{\"@type\":\"WebSite\",\"@id\":\"https:\/\/xrent-auto.com\/#website\",\"url\":\"https:\/\/xrent-auto.com\/\",\"name\":\"XRENT AUTO\",\"description\":\"Le choix, la qualit\u00e9, la tranquillit\u00e9           MENU\",\"publisher\":{\"@id\":\"https:\/\/xrent-auto.com\/#organization\"},\"potentialAction\":[{\"@type\":\"SearchAction\",\"target\":{\"@type\":\"EntryPoint\",\"urlTemplate\":\"https:\/\/xrent-auto.com\/?s={search_term_string}\"},\"query-input\":{\"@type\":\"PropertyValueSpecification\",\"valueRequired\":true,\"valueName\":\"search_term_string\"}}],\"inLanguage\":\"fr-FR\"},{\"@type\":\"Organization\",\"@id\":\"https:\/\/xrent-auto.com\/#organization\",\"name\":\"XRENT AUTO\",\"url\":\"https:\/\/xrent-auto.com\/\",\"logo\":{\"@type\":\"ImageObject\",\"inLanguage\":\"fr-FR\",\"@id\":\"https:\/\/xrent-auto.com\/#\/schema\/logo\/image\/\",\"url\":\"https:\/\/xrent-auto.com\/wp-content\/uploads\/2025\/08\/file_0000000028dc624397672c17b550dd85.png\",\"contentUrl\":\"https:\/\/xrent-auto.com\/wp-content\/uploads\/2025\/08\/file_0000000028dc624397672c17b550dd85.png\",\"width\":1536,\"height\":1024,\"caption\":\"XRENT AUTO\"},\"image\":{\"@id\":\"https:\/\/xrent-auto.com\/#\/schema\/logo\/image\/\"},\"sameAs\":[\"https:\/\/www.facebook.com\/profile.php?id=61576661115000\"]}]}<\/script>\n<!-- \/ Yoast SEO plugin. -->","yoast_head_json":{"title":"Mentions L\u00e9gales - XRENT-AUTO","robots":{"index":"index","follow":"follow","max-snippet":"max-snippet:-1","max-image-preview":"max-image-preview:large","max-video-preview":"max-video-preview:-1"},"canonical":"https:\/\/xrent-auto.com\/fr\/mentions-legales\/","og_locale":"fr_FR","og_type":"article","og_title":"Mentions L\u00e9gales - XRENT-AUTO","og_description":"\u00c9diteur du site Le pr\u00e9sent site internet, accessible \u00e0 l\u2019adresse www.xrent-auto.com, est \u00e9dit\u00e9 par la soci\u00e9t\u00e9 XRENT,Soci\u00e9t\u00e9 par actions simplifi\u00e9e unipersonnelle (SASU) au capital social de 1 000 euros,immatricul\u00e9e au Registre du Commerce et des Soci\u00e9t\u00e9s de Pointe-\u00e0-Pitre sous le num\u00e9ro 945 242 253,ayant son si\u00e8ge social au :85 R\u00e9sidence Les Muscades, Belcourt, 97122 Baie-Mahault, [&hellip;]","og_url":"https:\/\/xrent-auto.com\/fr\/mentions-legales\/","og_site_name":"XRENT-AUTO","article_publisher":"https:\/\/www.facebook.com\/profile.php?id=61576661115000","article_modified_time":"2025-07-18T17:00:24+00:00","og_image":[{"width":2560,"height":2560,"url":"https:\/\/xrent-auto.com\/wp-content\/uploads\/2025\/05\/xrent_auto_logo_larger-scaled.png","type":"image\/png"}],"twitter_card":"summary_large_image","twitter_misc":{"Dur\u00e9e de lecture estim\u00e9e":"2 minutes"},"schema":{"@context":"https:\/\/schema.org","@graph":[{"@type":"WebPage","@id":"https:\/\/xrent-auto.com\/mentions-legales\/","url":"https:\/\/xrent-auto.com\/mentions-legales\/","name":"Mentions L\u00e9gales - XRENT-AUTO","isPartOf":{"@id":"https:\/\/xrent-auto.com\/#website"},"datePublished":"2025-07-16T23:20:55+00:00","dateModified":"2025-07-18T17:00:24+00:00","breadcrumb":{"@id":"https:\/\/xrent-auto.com\/mentions-legales\/#breadcrumb"},"inLanguage":"fr-FR","potentialAction":[{"@type":"ReadAction","target":["https:\/\/xrent-auto.com\/mentions-legales\/"]}]},{"@type":"BreadcrumbList","@id":"https:\/\/xrent-auto.com\/mentions-legales\/#breadcrumb","itemListElement":[{"@type":"ListItem","position":1,"name":"Accueil","item":"https:\/\/xrent-auto.com\/"},{"@type":"ListItem","position":2,"name":"Mentions L\u00e9gales"}]},{"@type":"WebSite","@id":"https:\/\/xrent-auto.com\/#website","url":"https:\/\/xrent-auto.com\/","name":"XRENT AUTO","description":"Le choix, la qualit\u00e9, la tranquillit\u00e9           MENU","publisher":{"@id":"https:\/\/xrent-auto.com\/#organization"},"potentialAction":[{"@type":"SearchAction","target":{"@type":"EntryPoint","urlTemplate":"https:\/\/xrent-auto.com\/?s={search_term_string}"},"query-input":{"@type":"PropertyValueSpecification","valueRequired":true,"valueName":"search_term_string"}}],"inLanguage":"fr-FR"},{"@type":"Organization","@id":"https:\/\/xrent-auto.com\/#organization","name":"XRENT AUTO","url":"https:\/\/xrent-auto.com\/","logo":{"@type":"ImageObject","inLanguage":"fr-FR","@id":"https:\/\/xrent-auto.com\/#\/schema\/logo\/image\/","url":"https:\/\/xrent-auto.com\/wp-content\/uploads\/2025\/08\/file_0000000028dc624397672c17b550dd85.png","contentUrl":"https:\/\/xrent-auto.com\/wp-content\/uploads\/2025\/08\/file_0000000028dc624397672c17b550dd85.png","width":1536,"height":1024,"caption":"XRENT AUTO"},"image":{"@id":"https:\/\/xrent-auto.com\/#\/schema\/logo\/image\/"},"sameAs":["https:\/\/www.facebook.com\/profile.php?id=61576661115000"]}]}},"_links":{"self":[{"href":"https:\/\/xrent-auto.com\/fr\/wp-json\/wp\/v2\/pages\/394","targetHints":{"allow":["GET"]}}],"collection":[{"href":"https:\/\/xrent-auto.com\/fr\/wp-json\/wp\/v2\/pages"}],"about":[{"href":"https:\/\/xrent-auto.com\/fr\/wp-json\/wp\/v2\/types\/page"}],"author":[{"embeddable":true,"href":"https:\/\/xrent-auto.com\/fr\/wp-json\/wp\/v2\/users\/1"}],"replies":[{"embeddable":true,"href":"https:\/\/xrent-auto.com\/fr\/wp-json\/wp\/v2\/comments?post=394"}],"version-history":[{"count":5,"href":"https:\/\/xrent-auto.com\/fr\/wp-json\/wp\/v2\/pages\/394\/revisions"}],"predecessor-version":[{"id":427,"href":"https:\/\/xrent-auto.com\/fr\/wp-json\/wp\/v2\/pages\/394\/revisions\/427"}],"wp:attachment":[{"href":"https:\/\/xrent-auto.com\/fr\/wp-json\/wp\/v2\/media?parent=394"}],"curies":[{"name":"wp","href":"https:\/\/api.w.org\/{rel}","templated":true}]}}