{"id":200,"date":"2025-06-10T13:27:43","date_gmt":"2025-06-10T17:27:43","guid":{"rendered":"https:\/\/xrent-auto.com\/search-your-car\/"},"modified":"2026-04-16T13:57:32","modified_gmt":"2026-04-16T17:57:32","slug":"recherchez-votre-vehicule","status":"publish","type":"page","link":"https:\/\/xrent-auto.com\/fr\/recherchez-votre-vehicule\/","title":{"rendered":"R\u00e9server mon v\u00e9hicule"},"content":{"rendered":"\n<div class=\"wrap plugin-container\">\n\n\t\n\t\n\t<h3 class=\"vrc-main-title\">XRENT-AUTO<\/h3><div class=\"vrcdivsearch\"><div class=\"vrcdivsearch-inner\"><form action=\"https:\/\/xrent-auto.com\/fr\/recherchez-votre-vehicule\/?option=com_vikrentcar\" method=\"post\" onsubmit=\"return vrcValidateSearch();\">\n<input type=\"hidden\" name=\"option\" value=\"com_vikrentcar\"\/>\n<input type=\"hidden\" name=\"task\" value=\"search\"\/>\n<div class=\"vrc-searchf-section-locations\">\n<div class=\"vrcsfentrycont\"><label for=\"place\">Lieu de prise en charge<\/label><div class=\"vrcsfentryselect\"><select name=\"place\" id=\"place\" onchange=\"javascript: vrcSetLocOpenTime(this.value, 'pickup');\"><option value=\"1\" id=\"place1\">A\u00e9roport Aim\u00e9 C\u00e9saire - Martinique<\/option>\n<option value=\"2\" id=\"place2\">Pointe du Bout - Trois-Ilets - Martinique<\/option>\n<option value=\"4\" id=\"place4\">La Galleria - Lamentin - Martinique<\/option>\n<option value=\"5\" id=\"place5\">Port de Fort-de-France<\/option>\n<\/select><\/div><\/div>\n<div class=\"vrcsfentrycont\"><label for=\"returnplace\">Lieu de retour<\/label><div class=\"vrcsfentryselect\"><select name=\"returnplace\" id=\"returnplace\" onchange=\"javascript: vrcSetLocOpenTime(this.value, 'dropoff');\"><option value=\"1\" id=\"returnplace1\">A\u00e9roport Aim\u00e9 C\u00e9saire - Martinique<\/option>\n<option value=\"2\" id=\"returnplace2\">Pointe du Bout - Trois-Ilets - Martinique<\/option>\n<option value=\"4\" id=\"returnplace4\">La Galleria - Lamentin - Martinique<\/option>\n<option value=\"5\" id=\"returnplace5\">Port de Fort-de-France<\/option>\n<\/select><\/div><\/div>\n<\/div>\n<div class=\"vrc-searchf-section-datetimes\">\n<div class=\"vrcsfentrycont\">\n\t<div class=\"vrcsfentrylabsel\">\n\t\t<label for=\"pickupdate\">Date de d\u00e9part<\/label>\n\t\t<div class=\"vrcsfentrydate\">\n\t\t\t<input type=\"text\" name=\"pickupdate\" id=\"pickupdate\" size=\"10\" autocomplete=\"off\" onfocus=\"this.blur();\" readonly\/><i class=\"far fa-calendar-alt vrc-caltrigger\"><\/i>\n\t\t<\/div>\n\t<\/div>\n\t<div class=\"vrcsfentrytime\">\n\t\t<label for=\"pickuph\">Heure de prise en charge<\/label>\n\t\t<div class=\"vrc-sf-time-container\">\n\t\t\t<span id=\"vrccomselph\"><select id=\"pickuph\" name=\"pickuph\"><option value=\"8\">08<\/option>\n<option value=\"9\">09<\/option>\n<option value=\"10\">10<\/option>\n<option value=\"11\">11<\/option>\n<option value=\"12\">12<\/option>\n<option value=\"13\">13<\/option>\n<option value=\"14\">14<\/option>\n<option value=\"15\">15<\/option>\n<option value=\"16\">16<\/option>\n<option value=\"17\">17<\/option>\n<option value=\"18\">18<\/option>\n<option value=\"19\">19<\/option>\n<\/select><\/span>\n\t\t\t<span class=\"vrctimesep\">:<\/span>\n\t\t\t<span id=\"vrccomselpm\"><select name=\"pickupm\"><option value=\"0\" selected=\"selected\">00<\/option>\n<option value=\"15\">15<\/option>\n<option value=\"30\">30<\/option>\n<option value=\"45\">45<\/option>\n<\/select><\/span>\n\t\t<\/div>\n\t<\/div>\n<\/div>\n<div class=\"vrcsfentrycont\">\n\t<div class=\"vrcsfentrylabsel\">\n\t\t<label for=\"releasedate\">Date de retour<\/label>\n\t\t<div class=\"vrcsfentrydate\">\n\t\t\t<input type=\"text\" name=\"releasedate\" id=\"releasedate\" size=\"10\" autocomplete=\"off\" onfocus=\"this.blur();\" readonly\/><i class=\"far fa-calendar-alt vrc-caltrigger\"><\/i>\n\t\t<\/div>\n\t<\/div>\n\t<div class=\"vrcsfentrytime\">\n\t\t<label for=\"releaseh\">Heure de retour<\/label>\n\t\t<div class=\"vrc-sf-time-container\">\n\t\t\t<span id=\"vrccomseldh\"><select id=\"releaseh\" name=\"releaseh\"><option value=\"8\">08<\/option>\n<option value=\"9\">09<\/option>\n<option value=\"10\">10<\/option>\n<option value=\"11\">11<\/option>\n<option value=\"12\">12<\/option>\n<option value=\"13\">13<\/option>\n<option value=\"14\">14<\/option>\n<option value=\"15\">15<\/option>\n<option value=\"16\">16<\/option>\n<option value=\"17\">17<\/option>\n<option value=\"18\">18<\/option>\n<option value=\"19\">19<\/option>\n<\/select><\/span>\n\t\t\t<span class=\"vrctimesep\">:<\/span>\n\t\t\t<span id=\"vrccomseldm\"><select name=\"releasem\"><option value=\"0\" selected=\"selected\">00<\/option>\n<option value=\"15\">15<\/option>\n<option value=\"30\">30<\/option>\n<option value=\"45\">45<\/option>\n<\/select><\/span>\n\t\t<\/div>\n\t<\/div>\n<\/div>\n<\/div>\n<div class=\"vrc-searchf-section-categories\"><div class=\"vrcsfentrycont\"><label for=\"vrc-categories\">Cat\u00e9gorie du v\u00e9hicule<\/label><div class=\"vrcsfentryselect\"><select id=\"vrc-categories\" name=\"categories\"><option value=\"all\">Toutes<\/option>\n<option value=\"3\">Cat\u00e9gorie A<\/option>\n<option value=\"1\">Cat\u00e9gorie B<\/option>\n<option value=\"2\">Cat\u00e9gorie SUV<\/option>\n<\/select><\/div><\/div>\n<\/div><div class=\"vrc-searchf-section-sbmt\"><div class=\"vrcsfentrycont\"><div class=\"vrcsfentrysubmit\"><input type=\"submit\" name=\"search\" value=\"Rechercher\" class=\"btn vrc-search-btn vrc-pref-color-btn\"\/><\/div><\/div>\n<\/div><\/div>\n<\/form><\/div>\t<script type=\"text\/javascript\">\r\n\tfunction vrcCleanNumber(snum) {\r\n\t\tif (snum.length > 1 && snum.substr(0, 1) == '0') {\r\n\t\t\treturn parseInt(snum.substr(1));\r\n\t\t}\r\n\t\treturn parseInt(snum);\r\n\t}\r\n\tfunction vrcFormatTime(h, m) {\r\n\t\tvar time_format = 'H:i';\r\n\t\tvar time_ftfour = (time_format == 'H:i');\r\n\t\tvar time_ampm = '';\r\n\t\tif (!time_ftfour) {\r\n\t\t\tif (h >= 12 && h < 24) {\r\n\t\t\t\ttime_ampm = ' PM';\r\n\t\t\t\tif (h > 12) {\r\n\t\t\t\t\th -= 12;\r\n\t\t\t\t}\r\n\t\t\t} else {\r\n\t\t\t\ttime_ampm = ' AM';\r\n\t\t\t}\r\n\t\t}\r\n\t\treturn (h < 10 ? ('0' + h) : h) + ':' + ((m < 10 ? ('0' + m) : m)) + time_ampm;\r\n\t}\r\n\tfunction vrcValidateSearch() {\r\n\t\tif (typeof jQuery === 'undefined' || typeof vrc_wopening_pick === 'undefined') {\r\n\t\t\treturn true;\r\n\t\t}\r\n\t\tif (vrc_mopening_pick !== null) {\r\n\t\t\t\/\/ pickup time\r\n\t\t\tvar pickh = jQuery('#vrccomselph').find('select').val();\r\n\t\t\tvar pickm = jQuery('#vrccomselpm').find('select').val();\r\n\t\t\tif (!pickh || !pickh.length || !pickm) {\r\n\t\t\t\treturn true;\r\n\t\t\t}\r\n\t\t\tpickh = vrcCleanNumber(pickh);\r\n\t\t\tpickm = vrcCleanNumber(pickm);\r\n\t\t\tif (pickh == vrc_mopening_pick[0]) {\r\n\t\t\t\tif (pickm < vrc_mopening_pick[1]) {\r\n\t\t\t\t\t\/\/ location is still closed at this time\r\n\t\t\t\t\tjQuery('#vrccomselpm').find('select').html('<option value=\"'+vrc_mopening_pick[1]+'\">'+(vrc_mopening_pick[1] < 10 ? '0'+vrc_mopening_pick[1] : vrc_mopening_pick[1])+'<\/option>').val(vrc_mopening_pick[1]);\r\n\t\t\t\t\talert(Joomla.JText._('VRC_LOC_WILL_OPEN_TIME').replace('%s', vrcFormatTime(vrc_mopening_pick[0], vrc_mopening_pick[1])));\r\n\t\t\t\t\t\/\/ do not return false as we are overwriting the pickup time\r\n\t\t\t\t\t\/\/ return false;\r\n\t\t\t\t}\r\n\t\t\t}\r\n\t\t\tif (pickh == vrc_mopening_pick[2]) {\r\n\t\t\t\tif (pickm > vrc_mopening_pick[3]) {\r\n\t\t\t\t\t\/\/ location is already closed at this time for a pick up\r\n\t\t\t\t\tjQuery('#vrccomselpm').find('select').html('<option value=\"'+vrc_mopening_pick[3]+'\">'+(vrc_mopening_pick[3] < 10 ? '0'+vrc_mopening_pick[3] : vrc_mopening_pick[3])+'<\/option>').val(vrc_mopening_pick[3]);\r\n\t\t\t\t\talert(Joomla.JText._('VRC_LOC_WILL_CLOSE_TIME').replace('%s', vrcFormatTime(vrc_mopening_pick[2], vrc_mopening_pick[3])));\r\n\t\t\t\t\t\/\/ do not return false as we are overwriting the pickup time\r\n\t\t\t\t\t\/\/ return false;\r\n\t\t\t\t}\r\n\t\t\t}\r\n\t\t\t\/\/ check for breaks\r\n\t\t\tif (vrc_mopening_pick[4] && vrc_mopening_pick[4].length) {\r\n\t\t\t\tfor (var b = 0; b < vrc_mopening_pick[4].length; b++) {\r\n\t\t\t\t\tif (!vrc_mopening_pick[4][b].hasOwnProperty('fh')) {\r\n\t\t\t\t\t\tcontinue;\r\n\t\t\t\t\t}\r\n\t\t\t\t\tvar break_mess = Joomla.JText._('VRC_PICKLOC_IS_ON_BREAK_TIME_FROM_TO')\r\n\t\t\t\t\t\t.replace('%s', vrcFormatTime(vrc_mopening_pick[4][b]['fh'], vrc_mopening_pick[4][b]['fm']))\r\n\t\t\t\t\t\t.replace('%s', vrcFormatTime(vrc_mopening_pick[4][b]['th'], vrc_mopening_pick[4][b]['tm']));\r\n\t\t\t\t\tvar break_from_secs = (vrc_mopening_pick[4][b]['fh'] * 3600) + (vrc_mopening_pick[4][b]['fm'] * 60);\r\n\t\t\t\t\tvar break_to_secs = (vrc_mopening_pick[4][b]['th'] * 3600) + (vrc_mopening_pick[4][b]['tm'] * 60);\r\n\t\t\t\t\tvar pick_secs = (pickh * 3600) + (pickm * 60);\r\n\t\t\t\t\tif (pick_secs > break_from_secs && pick_secs < break_to_secs) {\r\n\t\t\t\t\t\t\/\/ the location is on break at this time\r\n\t\t\t\t\t\talert(break_mess);\r\n\t\t\t\t\t\treturn false;\r\n\t\t\t\t\t} else if (vrc_mopening_pick[4][b]['fh'] > vrc_mopening_pick[4][b]['th'] && pick_secs < break_from_secs && pick_secs < break_to_secs) {\r\n\t\t\t\t\t\t\/\/ overnight break, with time after midnight\r\n\t\t\t\t\t\talert(break_mess);\r\n\t\t\t\t\t\treturn false;\r\n\t\t\t\t\t} else if (vrc_mopening_pick[4][b]['fh'] > vrc_mopening_pick[4][b]['th'] && pick_secs > break_from_secs && pick_secs > break_to_secs) {\r\n\t\t\t\t\t\t\/\/ overnight break, with time before midnight\r\n\t\t\t\t\t\talert(break_mess);\r\n\t\t\t\t\t\treturn false;\r\n\t\t\t\t\t}\r\n\t\t\t\t}\r\n\t\t\t}\r\n\t\t}\r\n\r\n\t\tif (vrc_mopening_drop !== null) {\r\n\t\t\t\/\/ dropoff time\r\n\t\t\tvar droph = jQuery('#vrccomseldh').find('select').val();\r\n\t\t\tvar dropm = jQuery('#vrccomseldm').find('select').val();\r\n\t\t\tif (!droph || !droph.length || !dropm) {\r\n\t\t\t\treturn true;\r\n\t\t\t}\r\n\t\t\tdroph = vrcCleanNumber(droph);\r\n\t\t\tdropm = vrcCleanNumber(dropm);\r\n\t\t\tif (droph == vrc_mopening_drop[0]) {\r\n\t\t\t\tif (dropm > vrc_mopening_drop[1]) {\r\n\t\t\t\t\t\/\/ location is already closed at this time\r\n\t\t\t\t\tjQuery('#vrccomseldm').find('select').html('<option value=\"'+vrc_mopening_drop[1]+'\">'+(vrc_mopening_drop[1] < 10 ? '0'+vrc_mopening_drop[1] : vrc_mopening_drop[1])+'<\/option>').val(vrc_mopening_drop[1]);\r\n\t\t\t\t\talert(Joomla.JText._('VRC_LOC_WILL_CLOSE_TIME').replace('%s', vrcFormatTime(vrc_mopening_drop[0], vrc_mopening_drop[1])));\r\n\t\t\t\t\t\/\/ do not return false as we are overwriting the drop off time\r\n\t\t\t\t\t\/\/ return false;\r\n\t\t\t\t}\r\n\t\t\t}\r\n\t\t\tif (droph == vrc_mopening_drop[2]) {\r\n\t\t\t\tif (dropm < vrc_mopening_drop[3]) {\r\n\t\t\t\t\t\/\/ location is still closed at this time for a drop off\r\n\t\t\t\t\tjQuery('#vrccomseldm').find('select').html('<option value=\"'+vrc_mopening_drop[3]+'\">'+(vrc_mopening_drop[3] < 10 ? '0'+vrc_mopening_drop[3] : vrc_mopening_drop[3])+'<\/option>').val(vrc_mopening_drop[3]);\r\n\t\t\t\t\talert(Joomla.JText._('VRC_LOC_WILL_OPEN_TIME').replace('%s', vrcFormatTime(vrc_mopening_drop[2], vrc_mopening_drop[3])));\r\n\t\t\t\t\t\/\/ do not return false as we are overwriting the drop off time\r\n\t\t\t\t\t\/\/ return false;\r\n\t\t\t\t}\r\n\t\t\t}\r\n\t\t\t\/\/ check for breaks\r\n\t\t\tif (vrc_mopening_drop[4] && vrc_mopening_drop[4].length) {\r\n\t\t\t\tfor (var b = 0; b < vrc_mopening_drop[4].length; b++) {\r\n\t\t\t\t\tif (!vrc_mopening_drop[4][b].hasOwnProperty('fh')) {\r\n\t\t\t\t\t\tcontinue;\r\n\t\t\t\t\t}\r\n\t\t\t\t\tvar break_mess = Joomla.JText._('VRC_DROPLOC_IS_ON_BREAK_TIME_FROM_TO')\r\n\t\t\t\t\t\t.replace('%s', vrcFormatTime(vrc_mopening_drop[4][b]['fh'], vrc_mopening_drop[4][b]['fm']))\r\n\t\t\t\t\t\t.replace('%s', vrcFormatTime(vrc_mopening_drop[4][b]['th'], vrc_mopening_drop[4][b]['tm']));\r\n\t\t\t\t\tvar break_from_secs = (vrc_mopening_drop[4][b]['fh'] * 3600) + (vrc_mopening_drop[4][b]['fm'] * 60);\r\n\t\t\t\t\tvar break_to_secs = (vrc_mopening_drop[4][b]['th'] * 3600) + (vrc_mopening_drop[4][b]['tm'] * 60);\r\n\t\t\t\t\tvar drop_secs = (droph * 3600) + (dropm * 60);\r\n\t\t\t\t\tif (drop_secs > break_from_secs && drop_secs < break_to_secs) {\r\n\t\t\t\t\t\t\/\/ the location is on break at this time\r\n\t\t\t\t\t\talert(break_mess);\r\n\t\t\t\t\t\treturn false;\r\n\t\t\t\t\t} else if (vrc_mopening_drop[4][b]['fh'] > vrc_mopening_drop[4][b]['th'] && drop_secs < break_from_secs && drop_secs < break_to_secs) {\r\n\t\t\t\t\t\t\/\/ overnight break, with time after midnight\r\n\t\t\t\t\t\talert(break_mess);\r\n\t\t\t\t\t\treturn false;\r\n\t\t\t\t\t} else if (vrc_mopening_drop[4][b]['fh'] > vrc_mopening_drop[4][b]['th'] && drop_secs > break_from_secs && drop_secs > break_to_secs) {\r\n\t\t\t\t\t\t\/\/ overnight break, with time before midnight\r\n\t\t\t\t\t\talert(break_mess);\r\n\t\t\t\t\t\treturn false;\r\n\t\t\t\t\t}\r\n\t\t\t\t}\r\n\t\t\t}\r\n\t\t}\r\n\r\n\t\treturn true;\r\n\t}\r\n\t<\/script>\r\n\t\n<\/div>\n\n","protected":false},"excerpt":{"rendered":"","protected":false},"author":1,"featured_media":0,"parent":0,"menu_order":0,"comment_status":"closed","ping_status":"closed","template":"","meta":{"footnotes":""},"class_list":["post-200","page","type-page","status-publish","hentry"],"yoast_head":"<!-- This site is optimized with the Yoast SEO plugin v27.1.1 - https:\/\/yoast.com\/product\/yoast-seo-wordpress\/ -->\n<title>R\u00e9server mon v\u00e9hicule - XRENT-AUTO<\/title>\n<meta name=\"robots\" content=\"index, follow, max-snippet:-1, max-image-preview:large, max-video-preview:-1\" \/>\n<link rel=\"canonical\" href=\"https:\/\/xrent-auto.com\/fr\/recherchez-votre-vehicule\/\" \/>\n<meta property=\"og:locale\" content=\"fr_FR\" \/>\n<meta property=\"og:type\" content=\"article\" \/>\n<meta property=\"og:title\" content=\"R\u00e9server mon v\u00e9hicule - XRENT-AUTO\" \/>\n<meta property=\"og:url\" content=\"https:\/\/xrent-auto.com\/fr\/recherchez-votre-vehicule\/\" \/>\n<meta property=\"og:site_name\" content=\"XRENT-AUTO\" \/>\n<meta property=\"article:publisher\" content=\"https:\/\/www.facebook.com\/profile.php?id=61576661115000\" \/>\n<meta property=\"article:modified_time\" content=\"2026-04-16T17:57:32+00:00\" \/>\n<meta property=\"og:image\" content=\"https:\/\/xrent-auto.com\/wp-content\/uploads\/2025\/05\/xrent_auto_logo_larger-scaled.png\" \/>\n\t<meta property=\"og:image:width\" content=\"2560\" \/>\n\t<meta property=\"og:image:height\" content=\"2560\" \/>\n\t<meta property=\"og:image:type\" content=\"image\/png\" \/>\n<meta name=\"twitter:card\" content=\"summary_large_image\" \/>\n<meta name=\"twitter:label1\" content=\"Dur\u00e9e de lecture estim\u00e9e\" \/>\n\t<meta name=\"twitter:data1\" content=\"1 minute\" \/>\n<script type=\"application\/ld+json\" class=\"yoast-schema-graph\">{\"@context\":\"https:\/\/schema.org\",\"@graph\":[{\"@type\":\"WebPage\",\"@id\":\"https:\/\/xrent-auto.com\/recherchez-votre-vehicule\/\",\"url\":\"https:\/\/xrent-auto.com\/recherchez-votre-vehicule\/\",\"name\":\"R\u00e9server mon v\u00e9hicule - XRENT-AUTO\",\"isPartOf\":{\"@id\":\"https:\/\/xrent-auto.com\/#website\"},\"datePublished\":\"2025-06-10T17:27:43+00:00\",\"dateModified\":\"2026-04-16T17:57:32+00:00\",\"breadcrumb\":{\"@id\":\"https:\/\/xrent-auto.com\/recherchez-votre-vehicule\/#breadcrumb\"},\"inLanguage\":\"fr-FR\",\"potentialAction\":[{\"@type\":\"ReadAction\",\"target\":[\"https:\/\/xrent-auto.com\/recherchez-votre-vehicule\/\"]}]},{\"@type\":\"BreadcrumbList\",\"@id\":\"https:\/\/xrent-auto.com\/recherchez-votre-vehicule\/#breadcrumb\",\"itemListElement\":[{\"@type\":\"ListItem\",\"position\":1,\"name\":\"Accueil\",\"item\":\"https:\/\/xrent-auto.com\/\"},{\"@type\":\"ListItem\",\"position\":2,\"name\":\"R\u00e9server mon v\u00e9hicule\"}]},{\"@type\":\"WebSite\",\"@id\":\"https:\/\/xrent-auto.com\/#website\",\"url\":\"https:\/\/xrent-auto.com\/\",\"name\":\"XRENT AUTO\",\"description\":\"Le choix, la qualit\u00e9, la tranquillit\u00e9           MENU\",\"publisher\":{\"@id\":\"https:\/\/xrent-auto.com\/#organization\"},\"potentialAction\":[{\"@type\":\"SearchAction\",\"target\":{\"@type\":\"EntryPoint\",\"urlTemplate\":\"https:\/\/xrent-auto.com\/?s={search_term_string}\"},\"query-input\":{\"@type\":\"PropertyValueSpecification\",\"valueRequired\":true,\"valueName\":\"search_term_string\"}}],\"inLanguage\":\"fr-FR\"},{\"@type\":\"Organization\",\"@id\":\"https:\/\/xrent-auto.com\/#organization\",\"name\":\"XRENT AUTO\",\"url\":\"https:\/\/xrent-auto.com\/\",\"logo\":{\"@type\":\"ImageObject\",\"inLanguage\":\"fr-FR\",\"@id\":\"https:\/\/xrent-auto.com\/#\/schema\/logo\/image\/\",\"url\":\"https:\/\/xrent-auto.com\/wp-content\/uploads\/2025\/08\/file_0000000028dc624397672c17b550dd85.png\",\"contentUrl\":\"https:\/\/xrent-auto.com\/wp-content\/uploads\/2025\/08\/file_0000000028dc624397672c17b550dd85.png\",\"width\":1536,\"height\":1024,\"caption\":\"XRENT AUTO\"},\"image\":{\"@id\":\"https:\/\/xrent-auto.com\/#\/schema\/logo\/image\/\"},\"sameAs\":[\"https:\/\/www.facebook.com\/profile.php?id=61576661115000\"]}]}<\/script>\n<!-- \/ Yoast SEO plugin. -->","yoast_head_json":{"title":"R\u00e9server mon v\u00e9hicule - XRENT-AUTO","robots":{"index":"index","follow":"follow","max-snippet":"max-snippet:-1","max-image-preview":"max-image-preview:large","max-video-preview":"max-video-preview:-1"},"canonical":"https:\/\/xrent-auto.com\/fr\/recherchez-votre-vehicule\/","og_locale":"fr_FR","og_type":"article","og_title":"R\u00e9server mon v\u00e9hicule - XRENT-AUTO","og_url":"https:\/\/xrent-auto.com\/fr\/recherchez-votre-vehicule\/","og_site_name":"XRENT-AUTO","article_publisher":"https:\/\/www.facebook.com\/profile.php?id=61576661115000","article_modified_time":"2026-04-16T17:57:32+00:00","og_image":[{"width":2560,"height":2560,"url":"https:\/\/xrent-auto.com\/wp-content\/uploads\/2025\/05\/xrent_auto_logo_larger-scaled.png","type":"image\/png"}],"twitter_card":"summary_large_image","twitter_misc":{"Dur\u00e9e de lecture estim\u00e9e":"1 minute"},"schema":{"@context":"https:\/\/schema.org","@graph":[{"@type":"WebPage","@id":"https:\/\/xrent-auto.com\/recherchez-votre-vehicule\/","url":"https:\/\/xrent-auto.com\/recherchez-votre-vehicule\/","name":"R\u00e9server mon v\u00e9hicule - XRENT-AUTO","isPartOf":{"@id":"https:\/\/xrent-auto.com\/#website"},"datePublished":"2025-06-10T17:27:43+00:00","dateModified":"2026-04-16T17:57:32+00:00","breadcrumb":{"@id":"https:\/\/xrent-auto.com\/recherchez-votre-vehicule\/#breadcrumb"},"inLanguage":"fr-FR","potentialAction":[{"@type":"ReadAction","target":["https:\/\/xrent-auto.com\/recherchez-votre-vehicule\/"]}]},{"@type":"BreadcrumbList","@id":"https:\/\/xrent-auto.com\/recherchez-votre-vehicule\/#breadcrumb","itemListElement":[{"@type":"ListItem","position":1,"name":"Accueil","item":"https:\/\/xrent-auto.com\/"},{"@type":"ListItem","position":2,"name":"R\u00e9server mon v\u00e9hicule"}]},{"@type":"WebSite","@id":"https:\/\/xrent-auto.com\/#website","url":"https:\/\/xrent-auto.com\/","name":"XRENT AUTO","description":"Le choix, la qualit\u00e9, la tranquillit\u00e9           MENU","publisher":{"@id":"https:\/\/xrent-auto.com\/#organization"},"potentialAction":[{"@type":"SearchAction","target":{"@type":"EntryPoint","urlTemplate":"https:\/\/xrent-auto.com\/?s={search_term_string}"},"query-input":{"@type":"PropertyValueSpecification","valueRequired":true,"valueName":"search_term_string"}}],"inLanguage":"fr-FR"},{"@type":"Organization","@id":"https:\/\/xrent-auto.com\/#organization","name":"XRENT AUTO","url":"https:\/\/xrent-auto.com\/","logo":{"@type":"ImageObject","inLanguage":"fr-FR","@id":"https:\/\/xrent-auto.com\/#\/schema\/logo\/image\/","url":"https:\/\/xrent-auto.com\/wp-content\/uploads\/2025\/08\/file_0000000028dc624397672c17b550dd85.png","contentUrl":"https:\/\/xrent-auto.com\/wp-content\/uploads\/2025\/08\/file_0000000028dc624397672c17b550dd85.png","width":1536,"height":1024,"caption":"XRENT AUTO"},"image":{"@id":"https:\/\/xrent-auto.com\/#\/schema\/logo\/image\/"},"sameAs":["https:\/\/www.facebook.com\/profile.php?id=61576661115000"]}]}},"_links":{"self":[{"href":"https:\/\/xrent-auto.com\/fr\/wp-json\/wp\/v2\/pages\/200","targetHints":{"allow":["GET"]}}],"collection":[{"href":"https:\/\/xrent-auto.com\/fr\/wp-json\/wp\/v2\/pages"}],"about":[{"href":"https:\/\/xrent-auto.com\/fr\/wp-json\/wp\/v2\/types\/page"}],"author":[{"embeddable":true,"href":"https:\/\/xrent-auto.com\/fr\/wp-json\/wp\/v2\/users\/1"}],"replies":[{"embeddable":true,"href":"https:\/\/xrent-auto.com\/fr\/wp-json\/wp\/v2\/comments?post=200"}],"version-history":[{"count":9,"href":"https:\/\/xrent-auto.com\/fr\/wp-json\/wp\/v2\/pages\/200\/revisions"}],"predecessor-version":[{"id":864,"href":"https:\/\/xrent-auto.com\/fr\/wp-json\/wp\/v2\/pages\/200\/revisions\/864"}],"wp:attachment":[{"href":"https:\/\/xrent-auto.com\/fr\/wp-json\/wp\/v2\/media?parent=200"}],"curies":[{"name":"wp","href":"https:\/\/api.w.org\/{rel}","templated":true}]}}