{"id":176,"date":"2025-06-01T21:39:21","date_gmt":"2025-06-02T01:39:21","guid":{"rendered":"https:\/\/xrent-auto.com\/?page_id=176"},"modified":"2025-08-09T12:46:24","modified_gmt":"2025-08-09T16:46:24","slug":"options","status":"publish","type":"page","link":"https:\/\/xrent-auto.com\/fr\/options\/","title":{"rendered":"Options &amp; Services"},"content":{"rendered":"\n<h2 class=\"wp-block-heading\">Fauteuil de plage pliable<\/h2>\n\n\n\n<p>Fauteuil de qualit\u00e9 et confortable <strong>2\u20ac\/Jour<\/strong><\/p>\n\n\n\n<h2 class=\"wp-block-heading\">Si\u00e8ge b\u00e9b\u00e9 et r\u00e9hausseur<\/h2>\n\n\n\n<p>Si\u00e8ge b\u00e9b\u00e9 <strong>5\u20ac\/Jour<\/strong><\/p>\n\n\n\n<p>R\u00e9hausseur <strong>5\u20ac\/Jour<\/strong><\/p>\n\n\n\n<hr class=\"wp-block-separator has-alpha-channel-opacity\"\/>\n\n\n\n<h2 class=\"wp-block-heading\">Ajout conducteur<\/h2>\n\n\n\n<p>Ajoutez un conducteur suppl\u00e9mentaire \u00e0 votre contrat de location (2 maximum) <strong>35\u20ac\/Conducteur<\/strong><\/p>\n\n\n\n<hr class=\"wp-block-separator has-alpha-channel-opacity\"\/>\n\n\n\n<h2 class=\"wp-block-heading\">Lavage<\/h2>\n\n\n\n<p><strong>Lavage auto<\/strong> : Int\u00e9rieur + Ext\u00e9rieur <strong>50\u20ac<\/strong><\/p>\n\n\n\n<p><strong>Lavage auto<\/strong> <strong>complet<\/strong>: Int\u00e9rieur + Shampoing des si\u00e8ges + Ext\u00e9rieur <strong>80\u20ac<\/strong><\/p>\n\n\n\n<hr class=\"wp-block-separator has-alpha-channel-opacity\"\/>\n\n\n\n<h2 class=\"wp-block-heading\">Caution Swikly<\/h2>\n\n\n\n<p>La caution qui passe \u00e0 tous les coups, sans blocage de votre plafond de votre Carte Bancaire (<strong>0,00\u20ac pr\u00e9lev\u00e9<\/strong> sur votre compte) <strong>50\u20ac\/Contrat<\/strong><\/p>\n\n\n\n<hr class=\"wp-block-separator has-alpha-channel-opacity\"\/>\n\n\n\n<h2 class=\"wp-block-heading\">Option annulation tardive<\/h2>\n\n\n\n<p>En cas d'annulation, le montant de votre r\u00e9servation sera rembours\u00e9 (hors co\u00fbt de l'option) sous r\u00e9serve de nous pr\u00e9venir jusqu'\u00e0 24 heures avant le d\u00e9part&nbsp;<strong>quelle que soit la raison et sans justificatif \u00e0 pr\u00e9senter<\/strong>. <strong>50\u20ac\/Contrat<\/strong><\/p>\n\n\n\n<p><\/p>\n","protected":false},"excerpt":{"rendered":"<p>Fauteuil de plage pliable Fauteuil de qualit\u00e9 et confortable 2\u20ac\/Jour Si\u00e8ge b\u00e9b\u00e9 et r\u00e9hausseur Si\u00e8ge b\u00e9b\u00e9 5\u20ac\/Jour R\u00e9hausseur 5\u20ac\/Jour Ajout conducteur Ajoutez un conducteur suppl\u00e9mentaire \u00e0 votre contrat de location (2 maximum) 35\u20ac\/Conducteur Lavage Lavage auto : Int\u00e9rieur + Ext\u00e9rieur 50\u20ac Lavage auto complet: Int\u00e9rieur + Shampoing des si\u00e8ges + Ext\u00e9rieur 80\u20ac Caution Swikly La [&hellip;]<\/p>\n","protected":false},"author":1,"featured_media":0,"parent":0,"menu_order":0,"comment_status":"closed","ping_status":"closed","template":"","meta":{"footnotes":""},"class_list":["post-176","page","type-page","status-publish","hentry"],"yoast_head":"<!-- This site is optimized with the Yoast SEO plugin v27.1.1 - https:\/\/yoast.com\/product\/yoast-seo-wordpress\/ -->\n<title>Options &amp; Services - XRENT-AUTO<\/title>\n<meta name=\"robots\" content=\"index, follow, max-snippet:-1, max-image-preview:large, max-video-preview:-1\" \/>\n<link rel=\"canonical\" href=\"https:\/\/xrent-auto.com\/fr\/options\/\" \/>\n<meta property=\"og:locale\" content=\"fr_FR\" \/>\n<meta property=\"og:type\" content=\"article\" \/>\n<meta property=\"og:title\" content=\"Options &amp; Services - XRENT-AUTO\" \/>\n<meta property=\"og:description\" content=\"Fauteuil de plage pliable Fauteuil de qualit\u00e9 et confortable 2\u20ac\/Jour Si\u00e8ge b\u00e9b\u00e9 et r\u00e9hausseur Si\u00e8ge b\u00e9b\u00e9 5\u20ac\/Jour R\u00e9hausseur 5\u20ac\/Jour Ajout conducteur Ajoutez un conducteur suppl\u00e9mentaire \u00e0 votre contrat de location (2 maximum) 35\u20ac\/Conducteur Lavage Lavage auto : Int\u00e9rieur + Ext\u00e9rieur 50\u20ac Lavage auto complet: Int\u00e9rieur + Shampoing des si\u00e8ges + Ext\u00e9rieur 80\u20ac Caution Swikly La [&hellip;]\" \/>\n<meta property=\"og:url\" content=\"https:\/\/xrent-auto.com\/fr\/options\/\" \/>\n<meta property=\"og:site_name\" content=\"XRENT-AUTO\" \/>\n<meta property=\"article:publisher\" content=\"https:\/\/www.facebook.com\/profile.php?id=61576661115000\" \/>\n<meta property=\"article:modified_time\" content=\"2025-08-09T16:46:24+00:00\" \/>\n<meta property=\"og:image\" content=\"https:\/\/xrent-auto.com\/wp-content\/uploads\/2025\/05\/xrent_auto_logo_larger-scaled.png\" \/>\n\t<meta property=\"og:image:width\" content=\"2560\" \/>\n\t<meta property=\"og:image:height\" content=\"2560\" \/>\n\t<meta property=\"og:image:type\" content=\"image\/png\" \/>\n<meta name=\"twitter:card\" content=\"summary_large_image\" \/>\n<meta name=\"twitter:label1\" content=\"Dur\u00e9e de lecture estim\u00e9e\" \/>\n\t<meta name=\"twitter:data1\" content=\"1 minute\" \/>\n<script type=\"application\/ld+json\" class=\"yoast-schema-graph\">{\"@context\":\"https:\/\/schema.org\",\"@graph\":[{\"@type\":\"WebPage\",\"@id\":\"https:\/\/xrent-auto.com\/options\/\",\"url\":\"https:\/\/xrent-auto.com\/options\/\",\"name\":\"Options &amp; Services - XRENT-AUTO\",\"isPartOf\":{\"@id\":\"https:\/\/xrent-auto.com\/#website\"},\"datePublished\":\"2025-06-02T01:39:21+00:00\",\"dateModified\":\"2025-08-09T16:46:24+00:00\",\"breadcrumb\":{\"@id\":\"https:\/\/xrent-auto.com\/options\/#breadcrumb\"},\"inLanguage\":\"fr-FR\",\"potentialAction\":[{\"@type\":\"ReadAction\",\"target\":[\"https:\/\/xrent-auto.com\/options\/\"]}]},{\"@type\":\"BreadcrumbList\",\"@id\":\"https:\/\/xrent-auto.com\/options\/#breadcrumb\",\"itemListElement\":[{\"@type\":\"ListItem\",\"position\":1,\"name\":\"Accueil\",\"item\":\"https:\/\/xrent-auto.com\/\"},{\"@type\":\"ListItem\",\"position\":2,\"name\":\"Options &amp; Services\"}]},{\"@type\":\"WebSite\",\"@id\":\"https:\/\/xrent-auto.com\/#website\",\"url\":\"https:\/\/xrent-auto.com\/\",\"name\":\"XRENT AUTO\",\"description\":\"Le choix, la qualit\u00e9, la tranquillit\u00e9           MENU\",\"publisher\":{\"@id\":\"https:\/\/xrent-auto.com\/#organization\"},\"potentialAction\":[{\"@type\":\"SearchAction\",\"target\":{\"@type\":\"EntryPoint\",\"urlTemplate\":\"https:\/\/xrent-auto.com\/?s={search_term_string}\"},\"query-input\":{\"@type\":\"PropertyValueSpecification\",\"valueRequired\":true,\"valueName\":\"search_term_string\"}}],\"inLanguage\":\"fr-FR\"},{\"@type\":\"Organization\",\"@id\":\"https:\/\/xrent-auto.com\/#organization\",\"name\":\"XRENT AUTO\",\"url\":\"https:\/\/xrent-auto.com\/\",\"logo\":{\"@type\":\"ImageObject\",\"inLanguage\":\"fr-FR\",\"@id\":\"https:\/\/xrent-auto.com\/#\/schema\/logo\/image\/\",\"url\":\"https:\/\/xrent-auto.com\/wp-content\/uploads\/2025\/08\/file_0000000028dc624397672c17b550dd85.png\",\"contentUrl\":\"https:\/\/xrent-auto.com\/wp-content\/uploads\/2025\/08\/file_0000000028dc624397672c17b550dd85.png\",\"width\":1536,\"height\":1024,\"caption\":\"XRENT AUTO\"},\"image\":{\"@id\":\"https:\/\/xrent-auto.com\/#\/schema\/logo\/image\/\"},\"sameAs\":[\"https:\/\/www.facebook.com\/profile.php?id=61576661115000\"]}]}<\/script>\n<!-- \/ Yoast SEO plugin. -->","yoast_head_json":{"title":"Options &amp; Services - XRENT-AUTO","robots":{"index":"index","follow":"follow","max-snippet":"max-snippet:-1","max-image-preview":"max-image-preview:large","max-video-preview":"max-video-preview:-1"},"canonical":"https:\/\/xrent-auto.com\/fr\/options\/","og_locale":"fr_FR","og_type":"article","og_title":"Options &amp; Services - XRENT-AUTO","og_description":"Fauteuil de plage pliable Fauteuil de qualit\u00e9 et confortable 2\u20ac\/Jour Si\u00e8ge b\u00e9b\u00e9 et r\u00e9hausseur Si\u00e8ge b\u00e9b\u00e9 5\u20ac\/Jour R\u00e9hausseur 5\u20ac\/Jour Ajout conducteur Ajoutez un conducteur suppl\u00e9mentaire \u00e0 votre contrat de location (2 maximum) 35\u20ac\/Conducteur Lavage Lavage auto : Int\u00e9rieur + Ext\u00e9rieur 50\u20ac Lavage auto complet: Int\u00e9rieur + Shampoing des si\u00e8ges + Ext\u00e9rieur 80\u20ac Caution Swikly La [&hellip;]","og_url":"https:\/\/xrent-auto.com\/fr\/options\/","og_site_name":"XRENT-AUTO","article_publisher":"https:\/\/www.facebook.com\/profile.php?id=61576661115000","article_modified_time":"2025-08-09T16:46:24+00:00","og_image":[{"width":2560,"height":2560,"url":"https:\/\/xrent-auto.com\/wp-content\/uploads\/2025\/05\/xrent_auto_logo_larger-scaled.png","type":"image\/png"}],"twitter_card":"summary_large_image","twitter_misc":{"Dur\u00e9e de lecture estim\u00e9e":"1 minute"},"schema":{"@context":"https:\/\/schema.org","@graph":[{"@type":"WebPage","@id":"https:\/\/xrent-auto.com\/options\/","url":"https:\/\/xrent-auto.com\/options\/","name":"Options &amp; Services - XRENT-AUTO","isPartOf":{"@id":"https:\/\/xrent-auto.com\/#website"},"datePublished":"2025-06-02T01:39:21+00:00","dateModified":"2025-08-09T16:46:24+00:00","breadcrumb":{"@id":"https:\/\/xrent-auto.com\/options\/#breadcrumb"},"inLanguage":"fr-FR","potentialAction":[{"@type":"ReadAction","target":["https:\/\/xrent-auto.com\/options\/"]}]},{"@type":"BreadcrumbList","@id":"https:\/\/xrent-auto.com\/options\/#breadcrumb","itemListElement":[{"@type":"ListItem","position":1,"name":"Accueil","item":"https:\/\/xrent-auto.com\/"},{"@type":"ListItem","position":2,"name":"Options &amp; Services"}]},{"@type":"WebSite","@id":"https:\/\/xrent-auto.com\/#website","url":"https:\/\/xrent-auto.com\/","name":"XRENT AUTO","description":"Le choix, la qualit\u00e9, la tranquillit\u00e9           MENU","publisher":{"@id":"https:\/\/xrent-auto.com\/#organization"},"potentialAction":[{"@type":"SearchAction","target":{"@type":"EntryPoint","urlTemplate":"https:\/\/xrent-auto.com\/?s={search_term_string}"},"query-input":{"@type":"PropertyValueSpecification","valueRequired":true,"valueName":"search_term_string"}}],"inLanguage":"fr-FR"},{"@type":"Organization","@id":"https:\/\/xrent-auto.com\/#organization","name":"XRENT AUTO","url":"https:\/\/xrent-auto.com\/","logo":{"@type":"ImageObject","inLanguage":"fr-FR","@id":"https:\/\/xrent-auto.com\/#\/schema\/logo\/image\/","url":"https:\/\/xrent-auto.com\/wp-content\/uploads\/2025\/08\/file_0000000028dc624397672c17b550dd85.png","contentUrl":"https:\/\/xrent-auto.com\/wp-content\/uploads\/2025\/08\/file_0000000028dc624397672c17b550dd85.png","width":1536,"height":1024,"caption":"XRENT AUTO"},"image":{"@id":"https:\/\/xrent-auto.com\/#\/schema\/logo\/image\/"},"sameAs":["https:\/\/www.facebook.com\/profile.php?id=61576661115000"]}]}},"_links":{"self":[{"href":"https:\/\/xrent-auto.com\/fr\/wp-json\/wp\/v2\/pages\/176","targetHints":{"allow":["GET"]}}],"collection":[{"href":"https:\/\/xrent-auto.com\/fr\/wp-json\/wp\/v2\/pages"}],"about":[{"href":"https:\/\/xrent-auto.com\/fr\/wp-json\/wp\/v2\/types\/page"}],"author":[{"embeddable":true,"href":"https:\/\/xrent-auto.com\/fr\/wp-json\/wp\/v2\/users\/1"}],"replies":[{"embeddable":true,"href":"https:\/\/xrent-auto.com\/fr\/wp-json\/wp\/v2\/comments?post=176"}],"version-history":[{"count":33,"href":"https:\/\/xrent-auto.com\/fr\/wp-json\/wp\/v2\/pages\/176\/revisions"}],"predecessor-version":[{"id":554,"href":"https:\/\/xrent-auto.com\/fr\/wp-json\/wp\/v2\/pages\/176\/revisions\/554"}],"wp:attachment":[{"href":"https:\/\/xrent-auto.com\/fr\/wp-json\/wp\/v2\/media?parent=176"}],"curies":[{"name":"wp","href":"https:\/\/api.w.org\/{rel}","templated":true}]}}